{"id":7,"date":"2025-10-22T21:31:49","date_gmt":"2025-10-22T21:31:49","guid":{"rendered":"https:\/\/internationalchurchba.com\/?page_id=7"},"modified":"2025-11-20T03:52:06","modified_gmt":"2025-11-20T03:52:06","slug":"home","status":"publish","type":"page","link":"https:\/\/internationalchurchba.com\/en\/","title":{"rendered":"Home"},"content":{"rendered":"<div data-elementor-type=\"wp-page\" data-elementor-id=\"7\" class=\"elementor elementor-7\" data-elementor-post-type=\"page\">\n\t\t\t\t<div class=\"elementor-element elementor-element-005d662 e-con-full e-flex e-con e-parent\" data-id=\"005d662\" data-element_type=\"container\" data-settings=\"{&quot;background_background&quot;:&quot;video&quot;,&quot;background_video_link&quot;:&quot;https:\\\/\\\/youtu.be\\\/szgcVjpNM5M&quot;,&quot;background_play_on_mobile&quot;:&quot;yes&quot;}\">\n\t\t<div class=\"elementor-background-video-container\" aria-hidden=\"true\">\n\t\t\t\t\t\t\t<div class=\"elementor-background-video-embed\"><\/div>\n\t\t\t\t\t\t<\/div><div class=\"elementor-element elementor-element-419a5cf e-flex e-con-boxed e-con e-child\" data-id=\"419a5cf\" data-element_type=\"container\">\n\t\t\t\t\t<div class=\"e-con-inner\">\n\t\t\t\t<div class=\"elementor-element elementor-element-439765d elementor-hidden-mobile elementor-invisible elementor-widget elementor-widget-heading\" data-id=\"439765d\" data-element_type=\"widget\" data-settings=\"{&quot;_animation&quot;:&quot;fadeIn&quot;}\" data-widget_type=\"heading.default\">\n\t\t\t\t\t<h2 class=\"elementor-heading-title elementor-size-default\">A place to encounter God<\/h2>\t\t\t\t<\/div>\n\t\t\t\t<div class=\"elementor-element elementor-element-3522de1 elementor-hidden-desktop elementor-hidden-tablet elementor-invisible elementor-widget elementor-widget-heading\" data-id=\"3522de1\" data-element_type=\"widget\" data-settings=\"{&quot;_animation&quot;:&quot;fadeIn&quot;}\" data-widget_type=\"heading.default\">\n\t\t\t\t\t<h2 class=\"elementor-heading-title elementor-size-default\">A place to encounter God<\/h2>\t\t\t\t<\/div>\n\t\t<div class=\"elementor-element elementor-element-75de235 e-con-full e-flex elementor-invisible e-con e-child\" data-id=\"75de235\" data-element_type=\"container\" data-settings=\"{&quot;animation&quot;:&quot;fadeInUp&quot;}\">\n\t\t\t\t<div class=\"elementor-element elementor-element-a2c6bf8 elementor-widget elementor-widget-button\" data-id=\"a2c6bf8\" data-element_type=\"widget\" data-widget_type=\"button.default\">\n\t\t\t\t\t\t\t\t\t\t<a class=\"elementor-button elementor-button-link elementor-size-sm\" href=\"\/en\/#box-nosotros\">\n\t\t\t\t\t\t<span class=\"elementor-button-content-wrapper\">\n\t\t\t\t\t\t\t\t\t<span class=\"elementor-button-text\">Learn more<\/span>\n\t\t\t\t\t<\/span>\n\t\t\t\t\t<\/a>\n\t\t\t\t\t\t\t\t<\/div>\n\t\t\t\t<div class=\"elementor-element elementor-element-7157b27 elementor-widget elementor-widget-button\" data-id=\"7157b27\" data-element_type=\"widget\" data-widget_type=\"button.default\">\n\t\t\t\t\t\t\t\t\t\t<a class=\"elementor-button elementor-button-link elementor-size-sm\" href=\"https:\/\/www.instagram.com\/internationalchurch.ba\/\">\n\t\t\t\t\t\t<span class=\"elementor-button-content-wrapper\">\n\t\t\t\t\t\t\t\t\t<span class=\"elementor-button-text\">Meet us<\/span>\n\t\t\t\t\t<\/span>\n\t\t\t\t\t<\/a>\n\t\t\t\t\t\t\t\t<\/div>\n\t\t\t\t<\/div>\n\t\t\t\t\t<\/div>\n\t\t\t\t<\/div>\n\t\t\t\t<\/div>\n\t\t<div class=\"elementor-element elementor-element-91eb60d e-flex e-con-boxed e-con e-parent\" data-id=\"91eb60d\" data-element_type=\"container\" id=\"box-nosotros\">\n\t\t\t\t\t<div class=\"e-con-inner\">\n\t\t<div class=\"elementor-element elementor-element-d626ef4 e-con-full e-flex elementor-invisible e-con e-child\" data-id=\"d626ef4\" data-element_type=\"container\" data-settings=\"{&quot;animation&quot;:&quot;fadeInLeft&quot;}\">\n\t\t\t\t<div class=\"elementor-element elementor-element-67987da elementor-hidden-mobile elementor-widget elementor-widget-text-editor\" data-id=\"67987da\" data-element_type=\"widget\" id=\"international-home\" data-widget_type=\"text-editor.default\">\n\t\t\t\t\t\t\t\t\t<p><strong>INTERNATIONAL CHURCH <\/strong>is a place of<br \/>restoration, miracles, and family.<\/p>\t\t\t\t\t\t\t\t<\/div>\n\t\t\t\t<div class=\"elementor-element elementor-element-3444f98 international-home elementor-hidden-desktop elementor-hidden-tablet elementor-widget elementor-widget-text-editor\" data-id=\"3444f98\" data-element_type=\"widget\" data-widget_type=\"text-editor.default\">\n\t\t\t\t\t\t\t\t\t<p><strong>INTERNATIONAL CHURCH <br \/><\/strong>is a place of<br \/>restoration, miracles, and family.<\/p>\t\t\t\t\t\t\t\t<\/div>\n\t\t\t\t<div class=\"elementor-element elementor-element-af97384 elementor-widget elementor-widget-text-editor\" data-id=\"af97384\" data-element_type=\"widget\" data-widget_type=\"text-editor.default\">\n\t\t\t\t\t\t\t\t\t<p>We are a bilingual community in Palermo, Buenos Aires, passionate about connecting internationals and Argentinians with the love and power of God.<\/p>\t\t\t\t\t\t\t\t<\/div>\n\t\t\t\t<div class=\"elementor-element elementor-element-0ac6cc1 elementor-widget elementor-widget-button\" data-id=\"0ac6cc1\" data-element_type=\"widget\" data-widget_type=\"button.default\">\n\t\t\t\t\t\t\t\t\t\t<a class=\"elementor-button elementor-button-link elementor-size-sm\" href=\"https:\/\/internationalchurchba.com\/en\/contacto\/\">\n\t\t\t\t\t\t<span class=\"elementor-button-content-wrapper\">\n\t\t\t\t\t\t\t\t\t<span class=\"elementor-button-text\">Hi, I\u2019m new!<\/span>\n\t\t\t\t\t<\/span>\n\t\t\t\t\t<\/a>\n\t\t\t\t\t\t\t\t<\/div>\n\t\t\t\t<\/div>\n\t\t<div class=\"elementor-element elementor-element-5918515 e-con-full e-flex elementor-invisible e-con e-child\" data-id=\"5918515\" data-element_type=\"container\" data-settings=\"{&quot;animation&quot;:&quot;fadeIn&quot;}\">\n\t\t\t\t<div class=\"elementor-element elementor-element-379911a elementor-widget elementor-widget-video\" data-id=\"379911a\" data-element_type=\"widget\" data-settings=\"{&quot;video_type&quot;:&quot;hosted&quot;,&quot;show_image_overlay&quot;:&quot;yes&quot;,&quot;image_overlay&quot;:{&quot;url&quot;:&quot;https:\\\/\\\/internationalchurchba.com\\\/wp-content\\\/uploads\\\/2025\\\/11\\\/DSC9392-scaled.jpg&quot;,&quot;id&quot;:520,&quot;size&quot;:&quot;&quot;,&quot;alt&quot;:&quot;&quot;,&quot;source&quot;:&quot;library&quot;},&quot;controls&quot;:&quot;yes&quot;}\" data-widget_type=\"video.default\">\n\t\t\t\t\t\t\t<div class=\"e-hosted-video elementor-wrapper elementor-open-inline\">\n\t\t\t\t\t<video class=\"elementor-video\" src=\"https:\/\/internationalchurchba.com\/wp-content\/uploads\/2025\/11\/ICP-Becky.mp4\" controls=\"\" preload=\"metadata\" controlslist=\"nodownload\" poster=\"https:\/\/internationalchurchba.com\/wp-content\/uploads\/2025\/11\/DSC9392-scaled.jpg\"><\/video>\n\t\t\t\t\t\t<div class=\"elementor-custom-embed-image-overlay\" style=\"background-image: url(https:\/\/internationalchurchba.com\/wp-content\/uploads\/2025\/11\/DSC9392-scaled.jpg);\">\n\t\t\t\t\t\t\t\t\t\t\t\t\t\t\t\t<div class=\"elementor-custom-embed-play\" role=\"button\" aria-label=\"Reproducir v\u00eddeo\" tabindex=\"0\">\n\t\t\t\t\t\t\t<svg aria-hidden=\"true\" class=\"e-font-icon-svg e-eicon-play\" viewbox=\"0 0 1000 1000\" xmlns=\"http:\/\/www.w3.org\/2000\/svg\"><path d=\"M838 162C746 71 633 25 500 25 371 25 258 71 163 162 71 254 25 367 25 500 25 633 71 746 163 837 254 929 367 979 500 979 633 979 746 933 838 837 929 746 975 633 975 500 975 367 929 254 838 162M808 192C892 279 933 379 933 500 933 621 892 725 808 808 725 892 621 938 500 938 379 938 279 896 196 808 113 725 67 621 67 500 67 379 108 279 196 192 279 108 383 62 500 62 621 62 721 108 808 192M438 392V642L642 517 438 392Z\"><\/path><\/svg>\t\t\t\t\t\t<\/div>\n\t\t\t\t\t\t\t\t\t<\/div>\n\t\t\t\t\t<\/div>\n\t\t\t\t\t\t<\/div>\n\t\t\t\t<\/div>\n\t\t\t\t\t<\/div>\n\t\t\t\t<\/div>\n\t\t<div class=\"elementor-element elementor-element-cb1a70a e-grid e-con-full e-con e-parent\" data-id=\"cb1a70a\" data-element_type=\"container\">\n\t\t\t\t<div class=\"elementor-element elementor-element-84332cb elementor-widget__width-inherit elementor-widget elementor-widget-image\" data-id=\"84332cb\" data-element_type=\"widget\" data-widget_type=\"image.default\">\n\t\t\t\t\t\t\t\t\t\t\t\t\t\t\t<img fetchpriority=\"high\" decoding=\"async\" width=\"1588\" height=\"2245\" src=\"https:\/\/internationalchurchba.com\/wp-content\/uploads\/2025\/11\/Black-Modern-Fashion-Moodboard-Photo-Collage-Poster-2.png\" class=\"attachment-full size-full wp-image-186\" alt=\"\" srcset=\"https:\/\/internationalchurchba.com\/wp-content\/uploads\/2025\/11\/Black-Modern-Fashion-Moodboard-Photo-Collage-Poster-2.png 1588w, https:\/\/internationalchurchba.com\/wp-content\/uploads\/2025\/11\/Black-Modern-Fashion-Moodboard-Photo-Collage-Poster-2-212x300.png 212w, https:\/\/internationalchurchba.com\/wp-content\/uploads\/2025\/11\/Black-Modern-Fashion-Moodboard-Photo-Collage-Poster-2-724x1024.png 724w, https:\/\/internationalchurchba.com\/wp-content\/uploads\/2025\/11\/Black-Modern-Fashion-Moodboard-Photo-Collage-Poster-2-768x1086.png 768w\" sizes=\"(max-width: 1588px) 100vw, 1588px\" \/>\t\t\t\t\t\t\t\t\t\t\t\t\t\t\t<\/div>\n\t\t<div class=\"elementor-element elementor-element-ad899e8 e-con-full e-flex e-con e-child\" data-id=\"ad899e8\" data-element_type=\"container\" data-settings=\"{&quot;background_background&quot;:&quot;classic&quot;}\">\n\t\t\t\t<div class=\"elementor-element elementor-element-b6c9f31 elementor-invisible elementor-widget elementor-widget-heading\" data-id=\"b6c9f31\" data-element_type=\"widget\" data-settings=\"{&quot;_animation&quot;:&quot;fadeIn&quot;}\" data-widget_type=\"heading.default\">\n\t\t\t\t\t<h2 class=\"elementor-heading-title elementor-size-default\">Transforming a culture <br>\nto transform <br>\na nation<\/h2>\t\t\t\t<\/div>\n\t\t\t\t<div class=\"elementor-element elementor-element-920c843 elementor-invisible elementor-widget elementor-widget-text-editor\" data-id=\"920c843\" data-element_type=\"widget\" data-settings=\"{&quot;_animation&quot;:&quot;fadeIn&quot;}\" data-widget_type=\"text-editor.default\">\n\t\t\t\t\t\t\t\t\t<p>What happens in Palermo impacts Buenos Aires, and consequently Argentina.<br \/>That\u2019s why God moved us to start this church.<br \/>Let\u2019s pray for a great move of God that transforms this land!<\/p><p>Services in English and Spanish simultaneously. <br \/>We look forward to seeing you on Sundays at 10:30 a.m.<\/p>\t\t\t\t\t\t\t\t<\/div>\n\t\t\t\t<div class=\"elementor-element elementor-element-2a9ebfb elementor-invisible elementor-widget elementor-widget-button\" data-id=\"2a9ebfb\" data-element_type=\"widget\" data-settings=\"{&quot;_animation&quot;:&quot;fadeInUp&quot;}\" data-widget_type=\"button.default\">\n\t\t\t\t\t\t\t\t\t\t<a class=\"elementor-button elementor-button-link elementor-size-sm\" href=\"https:\/\/www.instagram.com\/internationalchurch.ba\/\">\n\t\t\t\t\t\t<span class=\"elementor-button-content-wrapper\">\n\t\t\t\t\t\t\t\t\t<span class=\"elementor-button-text\">Learn more <\/span>\n\t\t\t\t\t<\/span>\n\t\t\t\t\t<\/a>\n\t\t\t\t\t\t\t\t<\/div>\n\t\t\t\t<\/div>\n\t\t\t\t<\/div>\n\t\t<div class=\"elementor-element elementor-element-e97b7ae e-con-full e-flex e-con e-parent\" data-id=\"e97b7ae\" data-element_type=\"container\" data-settings=\"{&quot;background_background&quot;:&quot;classic&quot;,&quot;background_motion_fx_motion_fx_mouse&quot;:&quot;yes&quot;,&quot;background_motion_fx_mouseTrack_effect&quot;:&quot;yes&quot;,&quot;background_motion_fx_mouseTrack_speed&quot;:{&quot;unit&quot;:&quot;px&quot;,&quot;size&quot;:1,&quot;sizes&quot;:[]}}\">\n\t\t\t\t<div class=\"elementor-element elementor-element-eff7444 elementor-widget__width-initial elementor-invisible elementor-widget elementor-widget-heading\" data-id=\"eff7444\" data-element_type=\"widget\" data-settings=\"{&quot;_animation&quot;:&quot;fadeIn&quot;}\" data-widget_type=\"heading.default\">\n\t\t\t\t\t<h2 class=\"elementor-heading-title elementor-size-default\">In Buenos Aires as it is in Heaven.<\/h2>\t\t\t\t<\/div>\n\t\t\t\t<\/div>\n\t\t<div class=\"elementor-element elementor-element-ef9f160 e-con-full e-flex e-con e-parent\" data-id=\"ef9f160\" data-element_type=\"container\">\n\t\t\t\t<div class=\"elementor-element elementor-element-f0cb389 elementor-widget elementor-widget-google_maps\" data-id=\"f0cb389\" data-element_type=\"widget\" data-widget_type=\"google_maps.default\">\n\t\t\t\t\t\t\t<div class=\"elementor-custom-embed\">\n\t\t\t<iframe loading=\"lazy\"\n\t\t\t\t\tsrc=\"https:\/\/maps.google.com\/maps?q=Armenia%201366&#038;t=m&#038;z=15&#038;output=embed&#038;iwloc=near\"\n\t\t\t\t\ttitle=\"Armenia 1366\"\n\t\t\t\t\taria-label=\"Armenia 1366\"\n\t\t\t><\/iframe>\n\t\t<\/div>\n\t\t\t\t\t\t<\/div>\n\t\t\t\t<\/div>\n\t\t\t\t<\/div>","protected":false},"excerpt":{"rendered":"<p>Un lugar para encontrarse con dios Un lugar para encontrarse con dios Mas informaci\u00f3n Con\u00f3cenos INTERNATIONAL CHURCH es una casa derestauraci\u00f3n, milagros y familia. INTERNATIONAL CHURCH es una casa derestauraci\u00f3n, milagros y familia. Somos una comunidad biling\u00fce en Palermo, Buenos Aires, apasionada en conectar a los extranjeros y argentinos con el amor y poder de [&hellip;]<\/p>","protected":false},"author":1,"featured_media":0,"parent":0,"menu_order":0,"comment_status":"closed","ping_status":"closed","template":"","meta":{"footnotes":""},"class_list":["post-7","page","type-page","status-publish","hentry"],"_hostinger_reach_plugin_has_subscription_block":false,"_hostinger_reach_plugin_is_elementor":false,"_links":{"self":[{"href":"https:\/\/internationalchurchba.com\/en\/wp-json\/wp\/v2\/pages\/7","targetHints":{"allow":["GET"]}}],"collection":[{"href":"https:\/\/internationalchurchba.com\/en\/wp-json\/wp\/v2\/pages"}],"about":[{"href":"https:\/\/internationalchurchba.com\/en\/wp-json\/wp\/v2\/types\/page"}],"author":[{"embeddable":true,"href":"https:\/\/internationalchurchba.com\/en\/wp-json\/wp\/v2\/users\/1"}],"replies":[{"embeddable":true,"href":"https:\/\/internationalchurchba.com\/en\/wp-json\/wp\/v2\/comments?post=7"}],"version-history":[{"count":400,"href":"https:\/\/internationalchurchba.com\/en\/wp-json\/wp\/v2\/pages\/7\/revisions"}],"predecessor-version":[{"id":529,"href":"https:\/\/internationalchurchba.com\/en\/wp-json\/wp\/v2\/pages\/7\/revisions\/529"}],"wp:attachment":[{"href":"https:\/\/internationalchurchba.com\/en\/wp-json\/wp\/v2\/media?parent=7"}],"curies":[{"name":"wp","href":"https:\/\/api.w.org\/{rel}","templated":true}]}}